{"id":5184,"date":"2022-01-30T15:12:35","date_gmt":"2022-01-30T14:12:35","guid":{"rendered":"https:\/\/hamburgarts.de\/?page_id=5184"},"modified":"2022-03-18T20:08:07","modified_gmt":"2022-03-18T19:08:07","slug":"about","status":"publish","type":"page","link":"https:\/\/hamburgarts.de\/en\/about\/","title":{"rendered":"About"},"content":{"rendered":"<p>Willkommen auf der Website Hamburg Arts. Ich bin Kay Dethlefs, ein Journalist aus Hamburg. In diesem Blog besch\u00e4ftige ich mit Themen aus der Welt der Kunst und der Fotografie, die mir als spannend, ungew\u00f6hnlich und bemerkenswert auffallen. Mein Ausgangspunkt ist die Stadt Hamburg. Ich bin unterwegs in Galerien, in den Off-Space Orten der Stadt, wie auch in der Kunsthalle, im Kunstverein und im Kunsthaus.<\/p>\n<p><img loading=\"lazy\" decoding=\"async\" class=\"aligncenter wp-image-5296 size-full\" src=\"https:\/\/hamburgarts.de\/wp-content\/uploads\/2022\/03\/Foto_HMS-Kopie.jpeg\" alt=\"\" width=\"600\" height=\"800\" srcset=\"https:\/\/hamburgarts.de\/wp-content\/uploads\/2022\/03\/Foto_HMS-Kopie.jpeg 600w, https:\/\/hamburgarts.de\/wp-content\/uploads\/2022\/03\/Foto_HMS-Kopie-225x300.jpeg 225w, https:\/\/hamburgarts.de\/wp-content\/uploads\/2022\/03\/Foto_HMS-Kopie-113x150.jpeg 113w\" sizes=\"auto, (max-width: 600px) 100vw, 600px\" \/><\/p>\n<p>Ein Highlight im vergangenen Jahr war die Begegnung mit dem Galeristen Sigi Sander, der mir \u00fcber seine Zeit als Assistent bei dem legend\u00e4ren Ausnahmek\u00fcnstler Joseph Beuys erz\u00e4hlt hat. Daraufhin habe ich einen Podcast aufgebaut, um all diese Geschichten festzuhalten. Es sind immer diese ungew\u00f6hnlichen, noch nicht erz\u00e4hlten Geschichten, die mich als Journalist stark interessieren. Insofern bin ich f\u00fcr Anregungen immer dankbar.<\/p>\n","protected":false},"excerpt":{"rendered":"<p class=\"post-excerpt\">Willkommen auf der Website Hamburg Arts. Ich bin Kay Dethlefs, ein Journalist aus Hamburg. In diesem Blog besch\u00e4ftige ich mit&#8230;<\/p>\n","protected":false},"author":1,"featured_media":0,"parent":0,"menu_order":0,"comment_status":"closed","ping_status":"closed","template":"","meta":{"footnotes":""},"class_list":["post-5184","page","type-page","status-publish","hentry"],"yoast_head":"<!-- This site is optimized with the Yoast SEO plugin v27.4 - https:\/\/yoast.com\/product\/yoast-seo-wordpress\/ -->\n<title>About - Hamburg Arts<\/title>\n<meta name=\"description\" content=\"Willkommen auf der Website Hamburg Arts. Ich bin Kay Dethlefs, ein Journalist aus Hamburg. In diesem Blog besch\u00e4ftige ich mit Themen aus der Welt der Kunst und der Fotografie, die mir als spannend, ungew\u00f6hnlich und bemerkenswert auffallen.\" \/>\n<meta name=\"robots\" content=\"index, follow, max-snippet:-1, max-image-preview:large, max-video-preview:-1\" \/>\n<link rel=\"canonical\" href=\"https:\/\/hamburgarts.de\/en\/about\/\" \/>\n<meta property=\"og:locale\" content=\"en_US\" \/>\n<meta property=\"og:type\" content=\"article\" \/>\n<meta property=\"og:title\" content=\"About - Hamburg Arts\" \/>\n<meta property=\"og:description\" content=\"Willkommen auf der Website Hamburg Arts. Ich bin Kay Dethlefs, ein Journalist aus Hamburg. In diesem Blog besch\u00e4ftige ich mit Themen aus der Welt der Kunst und der Fotografie, die mir als spannend, ungew\u00f6hnlich und bemerkenswert auffallen.\" \/>\n<meta property=\"og:url\" content=\"https:\/\/hamburgarts.de\/en\/about\/\" \/>\n<meta property=\"og:site_name\" content=\"Hamburg Arts\" \/>\n<meta property=\"article:modified_time\" content=\"2022-03-18T19:08:07+00:00\" \/>\n<meta property=\"og:image\" content=\"https:\/\/hamburgarts.de\/wp-content\/uploads\/2022\/03\/Foto_HMS-Kopie.jpeg\" \/>\n<script type=\"application\/ld+json\" class=\"yoast-schema-graph\">{\"@context\":\"https:\\\/\\\/schema.org\",\"@graph\":[{\"@type\":\"WebPage\",\"@id\":\"https:\\\/\\\/hamburgarts.de\\\/en\\\/about\\\/\",\"url\":\"https:\\\/\\\/hamburgarts.de\\\/en\\\/about\\\/\",\"name\":\"About - Hamburg Arts\",\"isPartOf\":{\"@id\":\"https:\\\/\\\/hamburgarts.de\\\/#website\"},\"primaryImageOfPage\":{\"@id\":\"https:\\\/\\\/hamburgarts.de\\\/en\\\/about\\\/#primaryimage\"},\"image\":{\"@id\":\"https:\\\/\\\/hamburgarts.de\\\/en\\\/about\\\/#primaryimage\"},\"thumbnailUrl\":\"https:\\\/\\\/hamburgarts.de\\\/wp-content\\\/uploads\\\/2022\\\/03\\\/Foto_HMS-Kopie.jpeg\",\"datePublished\":\"2022-01-30T14:12:35+00:00\",\"dateModified\":\"2022-03-18T19:08:07+00:00\",\"description\":\"Willkommen auf der Website Hamburg Arts. Ich bin Kay Dethlefs, ein Journalist aus Hamburg. In diesem Blog besch\u00e4ftige ich mit Themen aus der Welt der Kunst und der Fotografie, die mir als spannend, ungew\u00f6hnlich und bemerkenswert auffallen.\",\"breadcrumb\":{\"@id\":\"https:\\\/\\\/hamburgarts.de\\\/en\\\/about\\\/#breadcrumb\"},\"inLanguage\":\"en-US\",\"potentialAction\":[{\"@type\":\"ReadAction\",\"target\":[\"https:\\\/\\\/hamburgarts.de\\\/en\\\/about\\\/\"]}]},{\"@type\":\"ImageObject\",\"inLanguage\":\"en-US\",\"@id\":\"https:\\\/\\\/hamburgarts.de\\\/en\\\/about\\\/#primaryimage\",\"url\":\"https:\\\/\\\/hamburgarts.de\\\/wp-content\\\/uploads\\\/2022\\\/03\\\/Foto_HMS-Kopie.jpeg\",\"contentUrl\":\"https:\\\/\\\/hamburgarts.de\\\/wp-content\\\/uploads\\\/2022\\\/03\\\/Foto_HMS-Kopie.jpeg\"},{\"@type\":\"BreadcrumbList\",\"@id\":\"https:\\\/\\\/hamburgarts.de\\\/en\\\/about\\\/#breadcrumb\",\"itemListElement\":[{\"@type\":\"ListItem\",\"position\":1,\"name\":\"Startseite\",\"item\":\"https:\\\/\\\/hamburgarts.de\\\/\"},{\"@type\":\"ListItem\",\"position\":2,\"name\":\"About\"}]},{\"@type\":\"WebSite\",\"@id\":\"https:\\\/\\\/hamburgarts.de\\\/#website\",\"url\":\"https:\\\/\\\/hamburgarts.de\\\/\",\"name\":\"Hamburg Arts\",\"description\":\"Stories &amp; Interviews\",\"publisher\":{\"@id\":\"https:\\\/\\\/hamburgarts.de\\\/#organization\"},\"alternateName\":\"hamburgarts\",\"potentialAction\":[{\"@type\":\"SearchAction\",\"target\":{\"@type\":\"EntryPoint\",\"urlTemplate\":\"https:\\\/\\\/hamburgarts.de\\\/?s={search_term_string}\"},\"query-input\":{\"@type\":\"PropertyValueSpecification\",\"valueRequired\":true,\"valueName\":\"search_term_string\"}}],\"inLanguage\":\"en-US\"},{\"@type\":\"Organization\",\"@id\":\"https:\\\/\\\/hamburgarts.de\\\/#organization\",\"name\":\"Hamburg Arts\",\"url\":\"https:\\\/\\\/hamburgarts.de\\\/\",\"logo\":{\"@type\":\"ImageObject\",\"inLanguage\":\"en-US\",\"@id\":\"https:\\\/\\\/hamburgarts.de\\\/#\\\/schema\\\/logo\\\/image\\\/\",\"url\":\"https:\\\/\\\/hamburgarts.de\\\/wp-content\\\/uploads\\\/2024\\\/10\\\/Cover_bearbeitet-klein-Kopie.jpeg\",\"contentUrl\":\"https:\\\/\\\/hamburgarts.de\\\/wp-content\\\/uploads\\\/2024\\\/10\\\/Cover_bearbeitet-klein-Kopie.jpeg\",\"width\":400,\"height\":400,\"caption\":\"Hamburg Arts\"},\"image\":{\"@id\":\"https:\\\/\\\/hamburgarts.de\\\/#\\\/schema\\\/logo\\\/image\\\/\"}}]}<\/script>\n<!-- \/ Yoast SEO plugin. -->","yoast_head_json":{"title":"About - Hamburg Arts","description":"Willkommen auf der Website Hamburg Arts. Ich bin Kay Dethlefs, ein Journalist aus Hamburg. In diesem Blog besch\u00e4ftige ich mit Themen aus der Welt der Kunst und der Fotografie, die mir als spannend, ungew\u00f6hnlich und bemerkenswert auffallen.","robots":{"index":"index","follow":"follow","max-snippet":"max-snippet:-1","max-image-preview":"max-image-preview:large","max-video-preview":"max-video-preview:-1"},"canonical":"https:\/\/hamburgarts.de\/en\/about\/","og_locale":"en_US","og_type":"article","og_title":"About - Hamburg Arts","og_description":"Willkommen auf der Website Hamburg Arts. Ich bin Kay Dethlefs, ein Journalist aus Hamburg. In diesem Blog besch\u00e4ftige ich mit Themen aus der Welt der Kunst und der Fotografie, die mir als spannend, ungew\u00f6hnlich und bemerkenswert auffallen.","og_url":"https:\/\/hamburgarts.de\/en\/about\/","og_site_name":"Hamburg Arts","article_modified_time":"2022-03-18T19:08:07+00:00","og_image":[{"url":"https:\/\/hamburgarts.de\/wp-content\/uploads\/2022\/03\/Foto_HMS-Kopie.jpeg","type":"","width":"","height":""}],"schema":{"@context":"https:\/\/schema.org","@graph":[{"@type":"WebPage","@id":"https:\/\/hamburgarts.de\/en\/about\/","url":"https:\/\/hamburgarts.de\/en\/about\/","name":"About - Hamburg Arts","isPartOf":{"@id":"https:\/\/hamburgarts.de\/#website"},"primaryImageOfPage":{"@id":"https:\/\/hamburgarts.de\/en\/about\/#primaryimage"},"image":{"@id":"https:\/\/hamburgarts.de\/en\/about\/#primaryimage"},"thumbnailUrl":"https:\/\/hamburgarts.de\/wp-content\/uploads\/2022\/03\/Foto_HMS-Kopie.jpeg","datePublished":"2022-01-30T14:12:35+00:00","dateModified":"2022-03-18T19:08:07+00:00","description":"Willkommen auf der Website Hamburg Arts. Ich bin Kay Dethlefs, ein Journalist aus Hamburg. In diesem Blog besch\u00e4ftige ich mit Themen aus der Welt der Kunst und der Fotografie, die mir als spannend, ungew\u00f6hnlich und bemerkenswert auffallen.","breadcrumb":{"@id":"https:\/\/hamburgarts.de\/en\/about\/#breadcrumb"},"inLanguage":"en-US","potentialAction":[{"@type":"ReadAction","target":["https:\/\/hamburgarts.de\/en\/about\/"]}]},{"@type":"ImageObject","inLanguage":"en-US","@id":"https:\/\/hamburgarts.de\/en\/about\/#primaryimage","url":"https:\/\/hamburgarts.de\/wp-content\/uploads\/2022\/03\/Foto_HMS-Kopie.jpeg","contentUrl":"https:\/\/hamburgarts.de\/wp-content\/uploads\/2022\/03\/Foto_HMS-Kopie.jpeg"},{"@type":"BreadcrumbList","@id":"https:\/\/hamburgarts.de\/en\/about\/#breadcrumb","itemListElement":[{"@type":"ListItem","position":1,"name":"Startseite","item":"https:\/\/hamburgarts.de\/"},{"@type":"ListItem","position":2,"name":"About"}]},{"@type":"WebSite","@id":"https:\/\/hamburgarts.de\/#website","url":"https:\/\/hamburgarts.de\/","name":"Hamburg Arts","description":"Stories &amp; Interviews","publisher":{"@id":"https:\/\/hamburgarts.de\/#organization"},"alternateName":"hamburgarts","potentialAction":[{"@type":"SearchAction","target":{"@type":"EntryPoint","urlTemplate":"https:\/\/hamburgarts.de\/?s={search_term_string}"},"query-input":{"@type":"PropertyValueSpecification","valueRequired":true,"valueName":"search_term_string"}}],"inLanguage":"en-US"},{"@type":"Organization","@id":"https:\/\/hamburgarts.de\/#organization","name":"Hamburg Arts","url":"https:\/\/hamburgarts.de\/","logo":{"@type":"ImageObject","inLanguage":"en-US","@id":"https:\/\/hamburgarts.de\/#\/schema\/logo\/image\/","url":"https:\/\/hamburgarts.de\/wp-content\/uploads\/2024\/10\/Cover_bearbeitet-klein-Kopie.jpeg","contentUrl":"https:\/\/hamburgarts.de\/wp-content\/uploads\/2024\/10\/Cover_bearbeitet-klein-Kopie.jpeg","width":400,"height":400,"caption":"Hamburg Arts"},"image":{"@id":"https:\/\/hamburgarts.de\/#\/schema\/logo\/image\/"}}]}},"_links":{"self":[{"href":"https:\/\/hamburgarts.de\/en\/wp-json\/wp\/v2\/pages\/5184","targetHints":{"allow":["GET"]}}],"collection":[{"href":"https:\/\/hamburgarts.de\/en\/wp-json\/wp\/v2\/pages"}],"about":[{"href":"https:\/\/hamburgarts.de\/en\/wp-json\/wp\/v2\/types\/page"}],"author":[{"embeddable":true,"href":"https:\/\/hamburgarts.de\/en\/wp-json\/wp\/v2\/users\/1"}],"replies":[{"embeddable":true,"href":"https:\/\/hamburgarts.de\/en\/wp-json\/wp\/v2\/comments?post=5184"}],"version-history":[{"count":0,"href":"https:\/\/hamburgarts.de\/en\/wp-json\/wp\/v2\/pages\/5184\/revisions"}],"wp:attachment":[{"href":"https:\/\/hamburgarts.de\/en\/wp-json\/wp\/v2\/media?parent=5184"}],"curies":[{"name":"wp","href":"https:\/\/api.w.org\/{rel}","templated":true}]}}